{"id":775,"date":"2024-10-04T16:59:38","date_gmt":"2024-10-04T16:59:38","guid":{"rendered":"https:\/\/esinteriorstudio.com\/?page_id=775"},"modified":"2024-10-21T22:15:28","modified_gmt":"2024-10-21T22:15:28","slug":"oficina-es-studio","status":"publish","type":"page","link":"https:\/\/esinteriorstudio.com\/en\/oficina-es-studio\/","title":{"rendered":"ES Studio Office"},"content":{"rendered":"<div data-elementor-type=\"wp-page\" data-elementor-id=\"775\" class=\"elementor elementor-775\" data-elementor-post-type=\"page\">\n\t\t\t\t<div class=\"elementor-element elementor-element-fc5f435 e-con-full e-flex e-con e-parent\" data-id=\"fc5f435\" data-element_type=\"container\" data-settings=\"{&quot;background_background&quot;:&quot;classic&quot;}\">\n\t\t<div class=\"elementor-element elementor-element-3a05d5a e-con-full e-flex e-con e-child\" data-id=\"3a05d5a\" data-element_type=\"container\">\n\t\t<div class=\"elementor-element elementor-element-75fca36 e-con-full e-flex e-con e-child\" data-id=\"75fca36\" data-element_type=\"container\">\n\t\t<div class=\"elementor-element elementor-element-0397449 e-con-full e-flex e-con e-child\" data-id=\"0397449\" data-element_type=\"container\">\n\t\t\t\t<div class=\"elementor-element elementor-element-8ce485f animated-slow elementor-invisible elementor-widget elementor-widget-heading\" data-id=\"8ce485f\" data-element_type=\"widget\" data-settings=\"{&quot;_animation&quot;:&quot;fadeIn&quot;}\" data-widget_type=\"heading.default\">\n\t\t\t\t<div class=\"elementor-widget-container\">\n\t\t\t\t\t<h3 class=\"elementor-heading-title elementor-size-default\">ES Studio Office<\/h3>\t\t\t\t<\/div>\n\t\t\t\t<\/div>\n\t\t\t\t<div class=\"elementor-element elementor-element-0b71e70 elementor-widget elementor-widget-text-editor\" data-id=\"0b71e70\" data-element_type=\"widget\" data-widget_type=\"text-editor.default\">\n\t\t\t\t<div class=\"elementor-widget-container\">\n\t\t\t\t\t\t\t\t\t<p><span style=\"font-weight: 400;\">Este proyecto corporativo de dise\u00f1o de interiores busca crear un ambiente moderno y funcional en una oficina privada que cuenta con una sala de juntas, un \u00e1rea de administraci\u00f3n y una zona de trabajo colaborativa. El dise\u00f1o se caracteriza por una paleta de materiales neutros y c\u00e1lidos que aportan un ambiente sofisticado y acogedor. Se han utilizado maderas claras para agregar una sensaci\u00f3n de amplitud y naturalidad, mientras que los textiles claros y suaves al tacto brindan confort y elegancia.<\/span><\/p>\t\t\t\t\t\t\t\t<\/div>\n\t\t\t\t<\/div>\n\t\t\t\t<\/div>\n\t\t<div class=\"elementor-element elementor-element-a730a84 e-con-full e-flex e-con e-child\" data-id=\"a730a84\" data-element_type=\"container\">\n\t\t\t\t<div class=\"elementor-element elementor-element-cc29b4c elementor-align-left elementor-mobile-align-center elementor-widget elementor-widget-button\" data-id=\"cc29b4c\" data-element_type=\"widget\" data-widget_type=\"button.default\">\n\t\t\t\t<div class=\"elementor-widget-container\">\n\t\t\t\t\t\t\t\t\t<div class=\"elementor-button-wrapper\">\n\t\t\t\t\t<a class=\"elementor-button elementor-button-link elementor-size-sm elementor-animation-grow\" href=\"#galeria\">\n\t\t\t\t\t\t<span class=\"elementor-button-content-wrapper\">\n\t\t\t\t\t\t\t\t\t<span class=\"elementor-button-text\">Ver galer\u00eda...<\/span>\n\t\t\t\t\t<\/span>\n\t\t\t\t\t<\/a>\n\t\t\t\t<\/div>\n\t\t\t\t\t\t\t\t<\/div>\n\t\t\t\t<\/div>\n\t\t\t\t<\/div>\n\t\t\t\t<\/div>\n\t\t<div class=\"elementor-element elementor-element-02e0f4d e-con-full e-flex e-con e-child\" data-id=\"02e0f4d\" data-element_type=\"container\" data-settings=\"{&quot;background_background&quot;:&quot;slideshow&quot;,&quot;background_slideshow_gallery&quot;:[{&quot;id&quot;:782,&quot;url&quot;:&quot;http:\\\/\\\/esinteriorstudio.com\\\/wp-content\\\/uploads\\\/2024\\\/10\\\/oficinaes-cover-3.jpg&quot;},{&quot;id&quot;:783,&quot;url&quot;:&quot;http:\\\/\\\/esinteriorstudio.com\\\/wp-content\\\/uploads\\\/2024\\\/10\\\/oficinaes-cover-2.jpg&quot;},{&quot;id&quot;:784,&quot;url&quot;:&quot;http:\\\/\\\/esinteriorstudio.com\\\/wp-content\\\/uploads\\\/2024\\\/10\\\/oficinaes-cover-1.jpg&quot;}],&quot;background_slideshow_slide_duration&quot;:3000,&quot;background_slideshow_loop&quot;:&quot;yes&quot;,&quot;background_slideshow_slide_transition&quot;:&quot;fade&quot;,&quot;background_slideshow_transition_duration&quot;:500}\">\n\t\t\t\t<\/div>\n\t\t\t\t<\/div>\n\t\t\t\t<\/div>\n\t\t<div class=\"elementor-element elementor-element-65dc31f e-con-full e-flex e-con e-parent\" data-id=\"65dc31f\" data-element_type=\"container\">\n\t\t\t\t<div class=\"elementor-element elementor-element-ad6c2b6 elementor-widget elementor-widget-gallery\" data-id=\"ad6c2b6\" data-element_type=\"widget\" data-settings=\"{&quot;columns_tablet&quot;:4,&quot;columns_mobile&quot;:4,&quot;aspect_ratio&quot;:&quot;1:1&quot;,&quot;lazyload&quot;:&quot;yes&quot;,&quot;gallery_layout&quot;:&quot;grid&quot;,&quot;columns&quot;:4,&quot;gap&quot;:{&quot;unit&quot;:&quot;px&quot;,&quot;size&quot;:10,&quot;sizes&quot;:[]},&quot;gap_widescreen&quot;:{&quot;unit&quot;:&quot;px&quot;,&quot;size&quot;:&quot;&quot;,&quot;sizes&quot;:[]},&quot;gap_tablet_extra&quot;:{&quot;unit&quot;:&quot;px&quot;,&quot;size&quot;:10,&quot;sizes&quot;:[]},&quot;gap_tablet&quot;:{&quot;unit&quot;:&quot;px&quot;,&quot;size&quot;:10,&quot;sizes&quot;:[]},&quot;gap_mobile&quot;:{&quot;unit&quot;:&quot;px&quot;,&quot;size&quot;:10,&quot;sizes&quot;:[]},&quot;link_to&quot;:&quot;file&quot;,&quot;overlay_background&quot;:&quot;yes&quot;,&quot;content_hover_animation&quot;:&quot;fade-in&quot;}\" data-widget_type=\"gallery.default\">\n\t\t\t\t<div class=\"elementor-widget-container\">\n\t\t\t\t\t\t\t<div class=\"elementor-gallery__container\">\n\t\t\t\t\t\t\t<a class=\"e-gallery-item elementor-gallery-item elementor-animated-content\" href=\"https:\/\/esinteriorstudio.com\/wp-content\/uploads\/2024\/10\/oficinaes-3.jpg\" data-elementor-open-lightbox=\"yes\" data-elementor-lightbox-slideshow=\"ad6c2b6\" data-e-action-hash=\"#elementor-action%3Aaction%3Dlightbox%26settings%3DeyJpZCI6Nzc5LCJ1cmwiOiJodHRwczpcL1wvZXNpbnRlcmlvcnN0dWRpby5jb21cL3dwLWNvbnRlbnRcL3VwbG9hZHNcLzIwMjRcLzEwXC9vZmljaW5hZXMtMy5qcGciLCJzbGlkZXNob3ciOiJhZDZjMmI2In0%3D\">\n\t\t\t\t\t<div class=\"e-gallery-image elementor-gallery-item__image\" data-thumbnail=\"https:\/\/esinteriorstudio.com\/wp-content\/uploads\/2024\/10\/oficinaes-3.jpg\" data-width=\"800\" data-height=\"1056\" aria-label=\"\" role=\"img\" ><\/div>\n\t\t\t\t\t\t\t\t\t\t\t<div class=\"elementor-gallery-item__overlay\"><\/div>\n\t\t\t\t\t\t\t\t\t\t\t\t\t\t<\/a>\n\t\t\t\t\t\t\t<a class=\"e-gallery-item elementor-gallery-item elementor-animated-content\" href=\"https:\/\/esinteriorstudio.com\/wp-content\/uploads\/2024\/10\/oficinas-8.jpg\" data-elementor-open-lightbox=\"yes\" data-elementor-lightbox-slideshow=\"ad6c2b6\" data-elementor-lightbox-title=\"oficinas-8\" data-e-action-hash=\"#elementor-action%3Aaction%3Dlightbox%26settings%3DeyJpZCI6OTY0LCJ1cmwiOiJodHRwczpcL1wvZXNpbnRlcmlvcnN0dWRpby5jb21cL3dwLWNvbnRlbnRcL3VwbG9hZHNcLzIwMjRcLzEwXC9vZmljaW5hcy04LmpwZyIsInNsaWRlc2hvdyI6ImFkNmMyYjYifQ%3D%3D\">\n\t\t\t\t\t<div class=\"e-gallery-image elementor-gallery-item__image\" data-thumbnail=\"https:\/\/esinteriorstudio.com\/wp-content\/uploads\/2024\/10\/oficinas-8.jpg\" data-width=\"800\" data-height=\"1056\" aria-label=\"\" role=\"img\" ><\/div>\n\t\t\t\t\t\t\t\t\t\t\t<div class=\"elementor-gallery-item__overlay\"><\/div>\n\t\t\t\t\t\t\t\t\t\t\t\t\t\t<\/a>\n\t\t\t\t\t\t\t<a class=\"e-gallery-item elementor-gallery-item elementor-animated-content\" href=\"https:\/\/esinteriorstudio.com\/wp-content\/uploads\/2024\/10\/oficinaes-2.jpg\" data-elementor-open-lightbox=\"yes\" data-elementor-lightbox-slideshow=\"ad6c2b6\" data-e-action-hash=\"#elementor-action%3Aaction%3Dlightbox%26settings%3DeyJpZCI6NzgwLCJ1cmwiOiJodHRwczpcL1wvZXNpbnRlcmlvcnN0dWRpby5jb21cL3dwLWNvbnRlbnRcL3VwbG9hZHNcLzIwMjRcLzEwXC9vZmljaW5hZXMtMi5qcGciLCJzbGlkZXNob3ciOiJhZDZjMmI2In0%3D\">\n\t\t\t\t\t<div class=\"e-gallery-image elementor-gallery-item__image\" data-thumbnail=\"https:\/\/esinteriorstudio.com\/wp-content\/uploads\/2024\/10\/oficinaes-2.jpg\" data-width=\"800\" data-height=\"1056\" aria-label=\"\" role=\"img\" ><\/div>\n\t\t\t\t\t\t\t\t\t\t\t<div class=\"elementor-gallery-item__overlay\"><\/div>\n\t\t\t\t\t\t\t\t\t\t\t\t\t\t<\/a>\n\t\t\t\t\t\t\t<a class=\"e-gallery-item elementor-gallery-item elementor-animated-content\" href=\"https:\/\/esinteriorstudio.com\/wp-content\/uploads\/2024\/10\/oficinas-7.jpg\" data-elementor-open-lightbox=\"yes\" data-elementor-lightbox-slideshow=\"ad6c2b6\" data-e-action-hash=\"#elementor-action%3Aaction%3Dlightbox%26settings%3DeyJpZCI6OTY1LCJ1cmwiOiJodHRwczpcL1wvZXNpbnRlcmlvcnN0dWRpby5jb21cL3dwLWNvbnRlbnRcL3VwbG9hZHNcLzIwMjRcLzEwXC9vZmljaW5hcy03LmpwZyIsInNsaWRlc2hvdyI6ImFkNmMyYjYifQ%3D%3D\">\n\t\t\t\t\t<div class=\"e-gallery-image elementor-gallery-item__image\" data-thumbnail=\"https:\/\/esinteriorstudio.com\/wp-content\/uploads\/2024\/10\/oficinas-7.jpg\" data-width=\"800\" data-height=\"1056\" aria-label=\"\" role=\"img\" ><\/div>\n\t\t\t\t\t\t\t\t\t\t\t<div class=\"elementor-gallery-item__overlay\"><\/div>\n\t\t\t\t\t\t\t\t\t\t\t\t\t\t<\/a>\n\t\t\t\t\t\t\t<a class=\"e-gallery-item elementor-gallery-item elementor-animated-content\" href=\"https:\/\/esinteriorstudio.com\/wp-content\/uploads\/2024\/10\/oficinas-6.jpg\" data-elementor-open-lightbox=\"yes\" data-elementor-lightbox-slideshow=\"ad6c2b6\" data-e-action-hash=\"#elementor-action%3Aaction%3Dlightbox%26settings%3DeyJpZCI6OTY2LCJ1cmwiOiJodHRwczpcL1wvZXNpbnRlcmlvcnN0dWRpby5jb21cL3dwLWNvbnRlbnRcL3VwbG9hZHNcLzIwMjRcLzEwXC9vZmljaW5hcy02LmpwZyIsInNsaWRlc2hvdyI6ImFkNmMyYjYifQ%3D%3D\">\n\t\t\t\t\t<div class=\"e-gallery-image elementor-gallery-item__image\" data-thumbnail=\"https:\/\/esinteriorstudio.com\/wp-content\/uploads\/2024\/10\/oficinas-6.jpg\" data-width=\"800\" data-height=\"1056\" aria-label=\"\" role=\"img\" ><\/div>\n\t\t\t\t\t\t\t\t\t\t\t<div class=\"elementor-gallery-item__overlay\"><\/div>\n\t\t\t\t\t\t\t\t\t\t\t\t\t\t<\/a>\n\t\t\t\t\t\t\t<a class=\"e-gallery-item elementor-gallery-item elementor-animated-content\" href=\"https:\/\/esinteriorstudio.com\/wp-content\/uploads\/2024\/10\/oficinaes-1.jpg\" data-elementor-open-lightbox=\"yes\" data-elementor-lightbox-slideshow=\"ad6c2b6\" data-e-action-hash=\"#elementor-action%3Aaction%3Dlightbox%26settings%3DeyJpZCI6NzgxLCJ1cmwiOiJodHRwczpcL1wvZXNpbnRlcmlvcnN0dWRpby5jb21cL3dwLWNvbnRlbnRcL3VwbG9hZHNcLzIwMjRcLzEwXC9vZmljaW5hZXMtMS5qcGciLCJzbGlkZXNob3ciOiJhZDZjMmI2In0%3D\">\n\t\t\t\t\t<div class=\"e-gallery-image elementor-gallery-item__image\" data-thumbnail=\"https:\/\/esinteriorstudio.com\/wp-content\/uploads\/2024\/10\/oficinaes-1.jpg\" data-width=\"800\" data-height=\"1056\" aria-label=\"\" role=\"img\" ><\/div>\n\t\t\t\t\t\t\t\t\t\t\t<div class=\"elementor-gallery-item__overlay\"><\/div>\n\t\t\t\t\t\t\t\t\t\t\t\t\t\t<\/a>\n\t\t\t\t\t\t\t<a class=\"e-gallery-item elementor-gallery-item elementor-animated-content\" href=\"https:\/\/esinteriorstudio.com\/wp-content\/uploads\/2024\/10\/oficinaes-4.jpg\" data-elementor-open-lightbox=\"yes\" data-elementor-lightbox-slideshow=\"ad6c2b6\" data-e-action-hash=\"#elementor-action%3Aaction%3Dlightbox%26settings%3DeyJpZCI6Nzc4LCJ1cmwiOiJodHRwczpcL1wvZXNpbnRlcmlvcnN0dWRpby5jb21cL3dwLWNvbnRlbnRcL3VwbG9hZHNcLzIwMjRcLzEwXC9vZmljaW5hZXMtNC5qcGciLCJzbGlkZXNob3ciOiJhZDZjMmI2In0%3D\">\n\t\t\t\t\t<div class=\"e-gallery-image elementor-gallery-item__image\" data-thumbnail=\"https:\/\/esinteriorstudio.com\/wp-content\/uploads\/2024\/10\/oficinaes-4.jpg\" data-width=\"800\" data-height=\"1056\" aria-label=\"\" role=\"img\" ><\/div>\n\t\t\t\t\t\t\t\t\t\t\t<div class=\"elementor-gallery-item__overlay\"><\/div>\n\t\t\t\t\t\t\t\t\t\t\t\t\t\t<\/a>\n\t\t\t\t\t\t\t<a class=\"e-gallery-item elementor-gallery-item elementor-animated-content\" href=\"https:\/\/esinteriorstudio.com\/wp-content\/uploads\/2024\/10\/oficinas-5.jpg\" data-elementor-open-lightbox=\"yes\" data-elementor-lightbox-slideshow=\"ad6c2b6\" data-e-action-hash=\"#elementor-action%3Aaction%3Dlightbox%26settings%3DeyJpZCI6OTY3LCJ1cmwiOiJodHRwczpcL1wvZXNpbnRlcmlvcnN0dWRpby5jb21cL3dwLWNvbnRlbnRcL3VwbG9hZHNcLzIwMjRcLzEwXC9vZmljaW5hcy01LmpwZyIsInNsaWRlc2hvdyI6ImFkNmMyYjYifQ%3D%3D\">\n\t\t\t\t\t<div class=\"e-gallery-image elementor-gallery-item__image\" data-thumbnail=\"https:\/\/esinteriorstudio.com\/wp-content\/uploads\/2024\/10\/oficinas-5.jpg\" data-width=\"800\" data-height=\"1056\" aria-label=\"\" role=\"img\" ><\/div>\n\t\t\t\t\t\t\t\t\t\t\t<div class=\"elementor-gallery-item__overlay\"><\/div>\n\t\t\t\t\t\t\t\t\t\t\t\t\t\t<\/a>\n\t\t\t\t\t<\/div>\n\t\t\t\t\t<\/div>\n\t\t\t\t<\/div>\n\t\t\t\t<\/div>\n\t\t<div class=\"elementor-element elementor-element-bf201c8 e-flex e-con-boxed e-con e-parent\" data-id=\"bf201c8\" data-element_type=\"container\" data-settings=\"{&quot;background_background&quot;:&quot;classic&quot;}\">\n\t\t\t\t\t<div class=\"e-con-inner\">\n\t\t\t\t<div class=\"elementor-element elementor-element-e60e9ec elementor-widget elementor-widget-heading\" data-id=\"e60e9ec\" data-element_type=\"widget\" data-widget_type=\"heading.default\">\n\t\t\t\t<div class=\"elementor-widget-container\">\n\t\t\t\t\t<p class=\"elementor-heading-title elementor-size-default\">FAQ's<\/p>\t\t\t\t<\/div>\n\t\t\t\t<\/div>\n\t\t\t\t<div class=\"elementor-element elementor-element-939a079 elementor-widget-divider--view-line elementor-widget elementor-widget-divider\" data-id=\"939a079\" data-element_type=\"widget\" data-widget_type=\"divider.default\">\n\t\t\t\t<div class=\"elementor-widget-container\">\n\t\t\t\t\t\t\t<div class=\"elementor-divider\">\n\t\t\t<span class=\"elementor-divider-separator\">\n\t\t\t\t\t\t<\/span>\n\t\t<\/div>\n\t\t\t\t\t\t<\/div>\n\t\t\t\t<\/div>\n\t\t\t\t<div class=\"elementor-element elementor-element-a7c191a animated-slow elementor-invisible elementor-widget elementor-widget-text-editor\" data-id=\"a7c191a\" data-element_type=\"widget\" data-settings=\"{&quot;_animation&quot;:&quot;fadeIn&quot;}\" data-widget_type=\"text-editor.default\">\n\t\t\t\t<div class=\"elementor-widget-container\">\n\t\t\t\t\t\t\t\t\t<p class=\"translation-block\"><em>Have any questions?<\/em> We're here to answer them. <em>Let us bring your vision to life!<\/em><\/p>\t\t\t\t\t\t\t\t<\/div>\n\t\t\t\t<\/div>\n\t\t<div class=\"elementor-element elementor-element-3bd2281 e-con-full animated-slow e-flex elementor-invisible e-con e-child\" data-id=\"3bd2281\" data-element_type=\"container\" data-settings=\"{&quot;animation&quot;:&quot;fadeIn&quot;}\">\n\t\t\t\t<div class=\"elementor-element elementor-element-4c438ba elementor-align-center elementor-widget elementor-widget-button\" data-id=\"4c438ba\" data-element_type=\"widget\" data-widget_type=\"button.default\">\n\t\t\t\t<div class=\"elementor-widget-container\">\n\t\t\t\t\t\t\t\t\t<div class=\"elementor-button-wrapper\">\n\t\t\t\t\t<a class=\"elementor-button elementor-button-link elementor-size-md\" href=\"\/en\/faqs\/\">\n\t\t\t\t\t\t<span class=\"elementor-button-content-wrapper\">\n\t\t\t\t\t\t\t\t\t<span class=\"elementor-button-text\">FAQ's<\/span>\n\t\t\t\t\t<\/span>\n\t\t\t\t\t<\/a>\n\t\t\t\t<\/div>\n\t\t\t\t\t\t\t\t<\/div>\n\t\t\t\t<\/div>\n\t\t\t\t<div class=\"elementor-element elementor-element-6938683 elementor-align-center elementor-widget elementor-widget-button\" data-id=\"6938683\" data-element_type=\"widget\" data-widget_type=\"button.default\">\n\t\t\t\t<div class=\"elementor-widget-container\">\n\t\t\t\t\t\t\t\t\t<div class=\"elementor-button-wrapper\">\n\t\t\t\t\t<a class=\"elementor-button elementor-button-link elementor-size-md\" href=\"\/en\/contacto\/\">\n\t\t\t\t\t\t<span class=\"elementor-button-content-wrapper\">\n\t\t\t\t\t\t\t\t\t<span class=\"elementor-button-text\">Contact Us<\/span>\n\t\t\t\t\t<\/span>\n\t\t\t\t\t<\/a>\n\t\t\t\t<\/div>\n\t\t\t\t\t\t\t\t<\/div>\n\t\t\t\t<\/div>\n\t\t\t\t<\/div>\n\t\t\t\t\t<\/div>\n\t\t\t\t<\/div>\n\t\t\t\t<\/div>","protected":false},"excerpt":{"rendered":"<p>Oficina ES Studio Este proyecto corporativo de dise\u00f1o de interiores busca crear un ambiente moderno y funcional en una oficina privada que cuenta con una sala de juntas, un \u00e1rea de administraci\u00f3n y una zona de trabajo colaborativa. El dise\u00f1o se caracteriza por una paleta de materiales neutros y c\u00e1lidos que aportan un ambiente sofisticado [&hellip;]<\/p>","protected":false},"author":1,"featured_media":0,"parent":0,"menu_order":0,"comment_status":"closed","ping_status":"closed","template":"elementor_header_footer","meta":{"footnotes":""},"class_list":["post-775","page","type-page","status-publish","hentry"],"_links":{"self":[{"href":"https:\/\/esinteriorstudio.com\/en\/wp-json\/wp\/v2\/pages\/775","targetHints":{"allow":["GET"]}}],"collection":[{"href":"https:\/\/esinteriorstudio.com\/en\/wp-json\/wp\/v2\/pages"}],"about":[{"href":"https:\/\/esinteriorstudio.com\/en\/wp-json\/wp\/v2\/types\/page"}],"author":[{"embeddable":true,"href":"https:\/\/esinteriorstudio.com\/en\/wp-json\/wp\/v2\/users\/1"}],"replies":[{"embeddable":true,"href":"https:\/\/esinteriorstudio.com\/en\/wp-json\/wp\/v2\/comments?post=775"}],"version-history":[{"count":19,"href":"https:\/\/esinteriorstudio.com\/en\/wp-json\/wp\/v2\/pages\/775\/revisions"}],"predecessor-version":[{"id":1375,"href":"https:\/\/esinteriorstudio.com\/en\/wp-json\/wp\/v2\/pages\/775\/revisions\/1375"}],"wp:attachment":[{"href":"https:\/\/esinteriorstudio.com\/en\/wp-json\/wp\/v2\/media?parent=775"}],"curies":[{"name":"wp","href":"https:\/\/api.w.org\/{rel}","templated":true}]}}