{"id":289,"date":"2024-07-29T18:59:20","date_gmt":"2024-07-29T18:59:20","guid":{"rendered":"https:\/\/esinteriorstudio.com\/?page_id=289"},"modified":"2024-10-04T16:02:44","modified_gmt":"2024-10-04T16:02:44","slug":"faqs","status":"publish","type":"page","link":"https:\/\/esinteriorstudio.com\/en\/faqs\/","title":{"rendered":"FaQs"},"content":{"rendered":"<div data-elementor-type=\"wp-page\" data-elementor-id=\"289\" class=\"elementor elementor-289\" data-elementor-post-type=\"page\">\n\t\t\t\t<div class=\"elementor-element elementor-element-e4ac19c e-flex e-con-boxed e-con e-parent\" data-id=\"e4ac19c\" data-element_type=\"container\" data-settings=\"{&quot;background_background&quot;:&quot;classic&quot;}\">\n\t\t\t\t\t<div class=\"e-con-inner\">\n\t\t\t\t<div class=\"elementor-element elementor-element-91aa57a elementor-widget elementor-widget-heading\" data-id=\"91aa57a\" data-element_type=\"widget\" data-widget_type=\"heading.default\">\n\t\t\t\t<div class=\"elementor-widget-container\">\n\t\t\t\t\t<p class=\"elementor-heading-title elementor-size-default\">FaQ's<\/p>\t\t\t\t<\/div>\n\t\t\t\t<\/div>\n\t\t\t\t<div class=\"elementor-element elementor-element-0656d0e elementor-widget-divider--view-line elementor-widget elementor-widget-divider\" data-id=\"0656d0e\" data-element_type=\"widget\" data-widget_type=\"divider.default\">\n\t\t\t\t<div class=\"elementor-widget-container\">\n\t\t\t\t\t\t\t<div class=\"elementor-divider\">\n\t\t\t<span class=\"elementor-divider-separator\">\n\t\t\t\t\t\t<\/span>\n\t\t<\/div>\n\t\t\t\t\t\t<\/div>\n\t\t\t\t<\/div>\n\t\t\t\t<div class=\"elementor-element elementor-element-ceb0d6b animated-slow elementor-invisible elementor-widget elementor-widget-text-editor\" data-id=\"ceb0d6b\" data-element_type=\"widget\" data-settings=\"{&quot;_animation&quot;:&quot;fadeIn&quot;}\" data-widget_type=\"text-editor.default\">\n\t\t\t\t<div class=\"elementor-widget-container\">\n\t\t\t\t\t\t\t\t\t<p class=\"translation-block\"><em>Have any questions?<\/em> We're here to answer them. <em>Let us bring your vision to life!<\/em><\/p>\t\t\t\t\t\t\t\t<\/div>\n\t\t\t\t<\/div>\n\t\t\t\t<div class=\"elementor-element elementor-element-0a28f00 elementor-widget elementor-widget-toggle\" data-id=\"0a28f00\" data-element_type=\"widget\" data-widget_type=\"toggle.default\">\n\t\t\t\t<div class=\"elementor-widget-container\">\n\t\t\t\t\t\t\t<div class=\"elementor-toggle\">\n\t\t\t\t\t\t\t<div class=\"elementor-toggle-item\">\n\t\t\t\t\t<div id=\"elementor-tab-title-1061\" class=\"elementor-tab-title\" data-tab=\"1\" role=\"button\" aria-controls=\"elementor-tab-content-1061\" aria-expanded=\"false\">\n\t\t\t\t\t\t\t\t\t\t\t\t<span class=\"elementor-toggle-icon elementor-toggle-icon-right\" aria-hidden=\"true\">\n\t\t\t\t\t\t\t\t\t\t\t\t\t\t\t<span class=\"elementor-toggle-icon-closed\"><svg xmlns=\"http:\/\/www.w3.org\/2000\/svg\" id=\"Capa_1\" data-name=\"Capa 1\" viewbox=\"0 0 100 100\"><defs><style>      .cls-1 {        fill: #5d6977;        stroke-width: 0px;      }    <\/style><\/defs><path class=\"cls-1\" d=\"M100,52.4h-47.6v46.3h-4.9v-46.3H0v-4.6h47.6V1.2h4.9v46.6h47.6v4.6Z\"><\/path><\/svg><\/span>\n\t\t\t\t\t\t\t\t<span class=\"elementor-toggle-icon-opened\"><svg xmlns=\"http:\/\/www.w3.org\/2000\/svg\" id=\"Capa_1\" data-name=\"Capa 1\" viewbox=\"0 0 100 100\"><defs><style>      .cls-1 {        fill: #5d6977;        stroke-width: 0px;      }    <\/style><\/defs><path class=\"cls-1\" d=\"M47.6,52.4H0v-4.6h100v4.6h-52.4Z\"><\/path><\/svg><\/span>\n\t\t\t\t\t\t\t\t\t\t\t\t\t<\/span>\n\t\t\t\t\t\t\t\t\t\t\t\t<a class=\"elementor-toggle-title\" tabindex=\"0\">\u00bfQu\u00e9 incluye un servicio de dise\u00f1o de interiores?<\/a>\n\t\t\t\t\t<\/div>\n\n\t\t\t\t\t<div id=\"elementor-tab-content-1061\" class=\"elementor-tab-content elementor-clearfix\" data-tab=\"1\" role=\"region\" aria-labelledby=\"elementor-tab-title-1061\"><p><span style=\"font-weight: 400;\">El servicio de dise\u00f1o de interiores generalmente incluye una consulta inicial, la creaci\u00f3n de un concepto de dise\u00f1o, la selecci\u00f3n de materiales y muebles, la planificaci\u00f3n del espacio, la coordinaci\u00f3n de colores y texturas, la elaboraci\u00f3n de planos y renderizados en 3D, y la supervisi\u00f3n del proyecto durante su ejecuci\u00f3n.<\/span><\/p><\/div>\n\t\t\t\t<\/div>\n\t\t\t\t\t\t\t<div class=\"elementor-toggle-item\">\n\t\t\t\t\t<div id=\"elementor-tab-title-1062\" class=\"elementor-tab-title\" data-tab=\"2\" role=\"button\" aria-controls=\"elementor-tab-content-1062\" aria-expanded=\"false\">\n\t\t\t\t\t\t\t\t\t\t\t\t<span class=\"elementor-toggle-icon elementor-toggle-icon-right\" aria-hidden=\"true\">\n\t\t\t\t\t\t\t\t\t\t\t\t\t\t\t<span class=\"elementor-toggle-icon-closed\"><svg xmlns=\"http:\/\/www.w3.org\/2000\/svg\" id=\"Capa_1\" data-name=\"Capa 1\" viewbox=\"0 0 100 100\"><defs><style>      .cls-1 {        fill: #5d6977;        stroke-width: 0px;      }    <\/style><\/defs><path class=\"cls-1\" d=\"M100,52.4h-47.6v46.3h-4.9v-46.3H0v-4.6h47.6V1.2h4.9v46.6h47.6v4.6Z\"><\/path><\/svg><\/span>\n\t\t\t\t\t\t\t\t<span class=\"elementor-toggle-icon-opened\"><svg xmlns=\"http:\/\/www.w3.org\/2000\/svg\" id=\"Capa_1\" data-name=\"Capa 1\" viewbox=\"0 0 100 100\"><defs><style>      .cls-1 {        fill: #5d6977;        stroke-width: 0px;      }    <\/style><\/defs><path class=\"cls-1\" d=\"M47.6,52.4H0v-4.6h100v4.6h-52.4Z\"><\/path><\/svg><\/span>\n\t\t\t\t\t\t\t\t\t\t\t\t\t<\/span>\n\t\t\t\t\t\t\t\t\t\t\t\t<a class=\"elementor-toggle-title\" tabindex=\"0\">\u00bfC\u00f3mo es el proceso de trabajo?<\/a>\n\t\t\t\t\t<\/div>\n\n\t\t\t\t\t<div id=\"elementor-tab-content-1062\" class=\"elementor-tab-content elementor-clearfix\" data-tab=\"2\" role=\"region\" aria-labelledby=\"elementor-tab-title-1062\"><p><span style=\"font-weight: 400;\">El proceso de trabajo t\u00edpico incluye:<\/span><\/p><p><b>Consulta inicial<\/b><span style=\"font-weight: 400;\">: Reuni\u00f3n para entender tus necesidades y expectativas.<\/span><span style=\"font-weight: 400;\"><br \/><\/span><b>Propuesta de dise\u00f1o<\/b><span style=\"font-weight: 400;\">: Presentaci\u00f3n de un concepto inicial y presupuesto.<\/span><span style=\"font-weight: 400;\"><br \/><\/span><b>Desarrollo del dise\u00f1o<\/b><span style=\"font-weight: 400;\">: Elaboraci\u00f3n de planos detallados, selecci\u00f3n de materiales y mobiliario.<\/span><span style=\"font-weight: 400;\"><br \/><\/span><b>Ejecuci\u00f3n<\/b><span style=\"font-weight: 400;\">: Supervisi\u00f3n de la implementaci\u00f3n del dise\u00f1o, incluyendo coordinaci\u00f3n con contratistas y proveedores.<\/span><span style=\"font-weight: 400;\"><br \/><\/span><b>Finalizaci\u00f3n<\/b><span style=\"font-weight: 400;\">: Revisi\u00f3n final y entrega del proyecto.<\/span><\/p><\/div>\n\t\t\t\t<\/div>\n\t\t\t\t\t\t\t<div class=\"elementor-toggle-item\">\n\t\t\t\t\t<div id=\"elementor-tab-title-1063\" class=\"elementor-tab-title\" data-tab=\"3\" role=\"button\" aria-controls=\"elementor-tab-content-1063\" aria-expanded=\"false\">\n\t\t\t\t\t\t\t\t\t\t\t\t<span class=\"elementor-toggle-icon elementor-toggle-icon-right\" aria-hidden=\"true\">\n\t\t\t\t\t\t\t\t\t\t\t\t\t\t\t<span class=\"elementor-toggle-icon-closed\"><svg xmlns=\"http:\/\/www.w3.org\/2000\/svg\" id=\"Capa_1\" data-name=\"Capa 1\" viewbox=\"0 0 100 100\"><defs><style>      .cls-1 {        fill: #5d6977;        stroke-width: 0px;      }    <\/style><\/defs><path class=\"cls-1\" d=\"M100,52.4h-47.6v46.3h-4.9v-46.3H0v-4.6h47.6V1.2h4.9v46.6h47.6v4.6Z\"><\/path><\/svg><\/span>\n\t\t\t\t\t\t\t\t<span class=\"elementor-toggle-icon-opened\"><svg xmlns=\"http:\/\/www.w3.org\/2000\/svg\" id=\"Capa_1\" data-name=\"Capa 1\" viewbox=\"0 0 100 100\"><defs><style>      .cls-1 {        fill: #5d6977;        stroke-width: 0px;      }    <\/style><\/defs><path class=\"cls-1\" d=\"M47.6,52.4H0v-4.6h100v4.6h-52.4Z\"><\/path><\/svg><\/span>\n\t\t\t\t\t\t\t\t\t\t\t\t\t<\/span>\n\t\t\t\t\t\t\t\t\t\t\t\t<a class=\"elementor-toggle-title\" tabindex=\"0\">\u00bfCu\u00e1nto tiempo lleva completar un proyecto de dise\u00f1o de interiores?<\/a>\n\t\t\t\t\t<\/div>\n\n\t\t\t\t\t<div id=\"elementor-tab-content-1063\" class=\"elementor-tab-content elementor-clearfix\" data-tab=\"3\" role=\"region\" aria-labelledby=\"elementor-tab-title-1063\"><p><span style=\"font-weight: 400;\">El tiempo var\u00eda seg\u00fan la complejidad del proyecto. Un proyecto simple puede tardar unas semanas, mientras que uno m\u00e1s complejo puede llevar varios meses. Factores como el tama\u00f1o del espacio, la disponibilidad de materiales y la coordinaci\u00f3n de contratistas tambi\u00e9n influyen en la duraci\u00f3n.<\/span><\/p><\/div>\n\t\t\t\t<\/div>\n\t\t\t\t\t\t\t<div class=\"elementor-toggle-item\">\n\t\t\t\t\t<div id=\"elementor-tab-title-1064\" class=\"elementor-tab-title\" data-tab=\"4\" role=\"button\" aria-controls=\"elementor-tab-content-1064\" aria-expanded=\"false\">\n\t\t\t\t\t\t\t\t\t\t\t\t<span class=\"elementor-toggle-icon elementor-toggle-icon-right\" aria-hidden=\"true\">\n\t\t\t\t\t\t\t\t\t\t\t\t\t\t\t<span class=\"elementor-toggle-icon-closed\"><svg xmlns=\"http:\/\/www.w3.org\/2000\/svg\" id=\"Capa_1\" data-name=\"Capa 1\" viewbox=\"0 0 100 100\"><defs><style>      .cls-1 {        fill: #5d6977;        stroke-width: 0px;      }    <\/style><\/defs><path class=\"cls-1\" d=\"M100,52.4h-47.6v46.3h-4.9v-46.3H0v-4.6h47.6V1.2h4.9v46.6h47.6v4.6Z\"><\/path><\/svg><\/span>\n\t\t\t\t\t\t\t\t<span class=\"elementor-toggle-icon-opened\"><svg xmlns=\"http:\/\/www.w3.org\/2000\/svg\" id=\"Capa_1\" data-name=\"Capa 1\" viewbox=\"0 0 100 100\"><defs><style>      .cls-1 {        fill: #5d6977;        stroke-width: 0px;      }    <\/style><\/defs><path class=\"cls-1\" d=\"M47.6,52.4H0v-4.6h100v4.6h-52.4Z\"><\/path><\/svg><\/span>\n\t\t\t\t\t\t\t\t\t\t\t\t\t<\/span>\n\t\t\t\t\t\t\t\t\t\t\t\t<a class=\"elementor-toggle-title\" tabindex=\"0\">\u00bfNecesito un presupuesto grande para contratar un dise\u00f1ador de interiores?<\/a>\n\t\t\t\t\t<\/div>\n\n\t\t\t\t\t<div id=\"elementor-tab-content-1064\" class=\"elementor-tab-content elementor-clearfix\" data-tab=\"4\" role=\"region\" aria-labelledby=\"elementor-tab-title-1064\"><p><span style=\"font-weight: 400;\">No necesariamente. Los dise\u00f1adores de interiores pueden trabajar con una variedad de presupuestos y ayudar a maximizar el uso de los recursos disponibles. Es importante comunicar claramente tus limitaciones presupuestarias desde el principio.<\/span><\/p><\/div>\n\t\t\t\t<\/div>\n\t\t\t\t\t\t\t<div class=\"elementor-toggle-item\">\n\t\t\t\t\t<div id=\"elementor-tab-title-1065\" class=\"elementor-tab-title\" data-tab=\"5\" role=\"button\" aria-controls=\"elementor-tab-content-1065\" aria-expanded=\"false\">\n\t\t\t\t\t\t\t\t\t\t\t\t<span class=\"elementor-toggle-icon elementor-toggle-icon-right\" aria-hidden=\"true\">\n\t\t\t\t\t\t\t\t\t\t\t\t\t\t\t<span class=\"elementor-toggle-icon-closed\"><svg xmlns=\"http:\/\/www.w3.org\/2000\/svg\" id=\"Capa_1\" data-name=\"Capa 1\" viewbox=\"0 0 100 100\"><defs><style>      .cls-1 {        fill: #5d6977;        stroke-width: 0px;      }    <\/style><\/defs><path class=\"cls-1\" d=\"M100,52.4h-47.6v46.3h-4.9v-46.3H0v-4.6h47.6V1.2h4.9v46.6h47.6v4.6Z\"><\/path><\/svg><\/span>\n\t\t\t\t\t\t\t\t<span class=\"elementor-toggle-icon-opened\"><svg xmlns=\"http:\/\/www.w3.org\/2000\/svg\" id=\"Capa_1\" data-name=\"Capa 1\" viewbox=\"0 0 100 100\"><defs><style>      .cls-1 {        fill: #5d6977;        stroke-width: 0px;      }    <\/style><\/defs><path class=\"cls-1\" d=\"M47.6,52.4H0v-4.6h100v4.6h-52.4Z\"><\/path><\/svg><\/span>\n\t\t\t\t\t\t\t\t\t\t\t\t\t<\/span>\n\t\t\t\t\t\t\t\t\t\t\t\t<a class=\"elementor-toggle-title\" tabindex=\"0\">\u00bfPuedo usar mis propios muebles y decoraciones?<\/a>\n\t\t\t\t\t<\/div>\n\n\t\t\t\t\t<div id=\"elementor-tab-content-1065\" class=\"elementor-tab-content elementor-clearfix\" data-tab=\"5\" role=\"region\" aria-labelledby=\"elementor-tab-title-1065\"><p><span style=\"font-weight: 400;\">S\u00ed, muchos dise\u00f1adores est\u00e1n dispuestos a incorporar muebles y decoraciones existentes en el nuevo dise\u00f1o. Durante la consulta inicial, puedes discutir qu\u00e9 elementos deseas mantener.<\/span><\/p><\/div>\n\t\t\t\t<\/div>\n\t\t\t\t\t\t\t<div class=\"elementor-toggle-item\">\n\t\t\t\t\t<div id=\"elementor-tab-title-1066\" class=\"elementor-tab-title\" data-tab=\"6\" role=\"button\" aria-controls=\"elementor-tab-content-1066\" aria-expanded=\"false\">\n\t\t\t\t\t\t\t\t\t\t\t\t<span class=\"elementor-toggle-icon elementor-toggle-icon-right\" aria-hidden=\"true\">\n\t\t\t\t\t\t\t\t\t\t\t\t\t\t\t<span class=\"elementor-toggle-icon-closed\"><svg xmlns=\"http:\/\/www.w3.org\/2000\/svg\" id=\"Capa_1\" data-name=\"Capa 1\" viewbox=\"0 0 100 100\"><defs><style>      .cls-1 {        fill: #5d6977;        stroke-width: 0px;      }    <\/style><\/defs><path class=\"cls-1\" d=\"M100,52.4h-47.6v46.3h-4.9v-46.3H0v-4.6h47.6V1.2h4.9v46.6h47.6v4.6Z\"><\/path><\/svg><\/span>\n\t\t\t\t\t\t\t\t<span class=\"elementor-toggle-icon-opened\"><svg xmlns=\"http:\/\/www.w3.org\/2000\/svg\" id=\"Capa_1\" data-name=\"Capa 1\" viewbox=\"0 0 100 100\"><defs><style>      .cls-1 {        fill: #5d6977;        stroke-width: 0px;      }    <\/style><\/defs><path class=\"cls-1\" d=\"M47.6,52.4H0v-4.6h100v4.6h-52.4Z\"><\/path><\/svg><\/span>\n\t\t\t\t\t\t\t\t\t\t\t\t\t<\/span>\n\t\t\t\t\t\t\t\t\t\t\t\t<a class=\"elementor-toggle-title\" tabindex=\"0\">\u00bfQu\u00e9 pasa si no me gusta el dise\u00f1o propuesto?<\/a>\n\t\t\t\t\t<\/div>\n\n\t\t\t\t\t<div id=\"elementor-tab-content-1066\" class=\"elementor-tab-content elementor-clearfix\" data-tab=\"6\" role=\"region\" aria-labelledby=\"elementor-tab-title-1066\"><p><span style=\"font-weight: 400;\">La comunicaci\u00f3n abierta es clave. La mayor\u00eda de los dise\u00f1adores de interiores presentan varias opciones y est\u00e1n dispuestos a hacer ajustes basados en tus comentarios. Es importante expresar tus opiniones y trabajar en conjunto para llegar a una soluci\u00f3n satisfactoria.<\/span><\/p><\/div>\n\t\t\t\t<\/div>\n\t\t\t\t\t\t\t\t<\/div>\n\t\t\t\t\t\t<\/div>\n\t\t\t\t<\/div>\n\t\t\t\t\t<\/div>\n\t\t\t\t<\/div>\n\t\t<div class=\"elementor-element elementor-element-922144e e-flex e-con-boxed e-con e-parent\" data-id=\"922144e\" data-element_type=\"container\" data-settings=\"{&quot;background_background&quot;:&quot;classic&quot;}\">\n\t\t\t\t\t<div class=\"e-con-inner\">\n\t\t\t\t<div class=\"elementor-element elementor-element-c22efe2 elementor-widget elementor-widget-heading\" data-id=\"c22efe2\" data-element_type=\"widget\" data-widget_type=\"heading.default\">\n\t\t\t\t<div class=\"elementor-widget-container\">\n\t\t\t\t\t<p class=\"elementor-heading-title elementor-size-default\">inspiration<\/p>\t\t\t\t<\/div>\n\t\t\t\t<\/div>\n\t\t\t\t<div class=\"elementor-element elementor-element-b05701c elementor-widget-divider--view-line elementor-widget elementor-widget-divider\" data-id=\"b05701c\" data-element_type=\"widget\" data-widget_type=\"divider.default\">\n\t\t\t\t<div class=\"elementor-widget-container\">\n\t\t\t\t\t\t\t<div class=\"elementor-divider\">\n\t\t\t<span class=\"elementor-divider-separator\">\n\t\t\t\t\t\t<\/span>\n\t\t<\/div>\n\t\t\t\t\t\t<\/div>\n\t\t\t\t<\/div>\n\t\t\t\t<div class=\"elementor-element elementor-element-f6c2c70 animated-slow elementor-invisible elementor-widget elementor-widget-text-editor\" data-id=\"f6c2c70\" data-element_type=\"widget\" data-settings=\"{&quot;_animation&quot;:&quot;fadeIn&quot;}\" data-widget_type=\"text-editor.default\">\n\t\t\t\t<div class=\"elementor-widget-container\">\n\t\t\t\t\t\t\t\t\t<p><em>Design <\/em>is not just <em>what you see<\/em>, but how it <em>makes you feel<\/em>.<\/p>\t\t\t\t\t\t\t\t<\/div>\n\t\t\t\t<\/div>\n\t\t\t\t<div class=\"elementor-element elementor-element-5f73003 elementor-align-center elementor-widget elementor-widget-button\" data-id=\"5f73003\" data-element_type=\"widget\" data-widget_type=\"button.default\">\n\t\t\t\t<div class=\"elementor-widget-container\">\n\t\t\t\t\t\t\t\t\t<div class=\"elementor-button-wrapper\">\n\t\t\t\t\t<a class=\"elementor-button elementor-button-link elementor-size-md\" href=\"\/en\/contacto\/\">\n\t\t\t\t\t\t<span class=\"elementor-button-content-wrapper\">\n\t\t\t\t\t\t\t\t\t<span class=\"elementor-button-text\">Contact Us<\/span>\n\t\t\t\t\t<\/span>\n\t\t\t\t\t<\/a>\n\t\t\t\t<\/div>\n\t\t\t\t\t\t\t\t<\/div>\n\t\t\t\t<\/div>\n\t\t\t\t\t<\/div>\n\t\t\t\t<\/div>\n\t\t\t\t<\/div>","protected":false},"excerpt":{"rendered":"<p>FaQ&#8217;s \u00bfTienes alguna duda? Estamos aqu\u00ed para responder tus preguntas. \u00a1D\u00e9janos hacer realidad tu visi\u00f3n! \u00bfQu\u00e9 incluye un servicio de dise\u00f1o de interiores? El servicio de dise\u00f1o de interiores generalmente incluye una consulta inicial, la creaci\u00f3n de un concepto de dise\u00f1o, la selecci\u00f3n de materiales y muebles, la planificaci\u00f3n del espacio, la coordinaci\u00f3n de colores [&hellip;]<\/p>","protected":false},"author":1,"featured_media":0,"parent":0,"menu_order":0,"comment_status":"closed","ping_status":"closed","template":"elementor_header_footer","meta":{"footnotes":""},"class_list":["post-289","page","type-page","status-publish","hentry"],"_links":{"self":[{"href":"https:\/\/esinteriorstudio.com\/en\/wp-json\/wp\/v2\/pages\/289","targetHints":{"allow":["GET"]}}],"collection":[{"href":"https:\/\/esinteriorstudio.com\/en\/wp-json\/wp\/v2\/pages"}],"about":[{"href":"https:\/\/esinteriorstudio.com\/en\/wp-json\/wp\/v2\/types\/page"}],"author":[{"embeddable":true,"href":"https:\/\/esinteriorstudio.com\/en\/wp-json\/wp\/v2\/users\/1"}],"replies":[{"embeddable":true,"href":"https:\/\/esinteriorstudio.com\/en\/wp-json\/wp\/v2\/comments?post=289"}],"version-history":[{"count":10,"href":"https:\/\/esinteriorstudio.com\/en\/wp-json\/wp\/v2\/pages\/289\/revisions"}],"predecessor-version":[{"id":722,"href":"https:\/\/esinteriorstudio.com\/en\/wp-json\/wp\/v2\/pages\/289\/revisions\/722"}],"wp:attachment":[{"href":"https:\/\/esinteriorstudio.com\/en\/wp-json\/wp\/v2\/media?parent=289"}],"curies":[{"name":"wp","href":"https:\/\/api.w.org\/{rel}","templated":true}]}}