{"id":1219,"date":"2024-10-21T18:07:57","date_gmt":"2024-10-21T18:07:57","guid":{"rendered":"https:\/\/esinteriorstudio.com\/?page_id=1219"},"modified":"2024-10-21T19:29:23","modified_gmt":"2024-10-21T19:29:23","slug":"paneles-acusticos","status":"publish","type":"page","link":"https:\/\/esinteriorstudio.com\/en\/paneles-acusticos\/","title":{"rendered":"Acoustic Panels"},"content":{"rendered":"<div data-elementor-type=\"wp-page\" data-elementor-id=\"1219\" class=\"elementor elementor-1219\" data-elementor-post-type=\"page\">\n\t\t\t\t<div class=\"elementor-element elementor-element-34a9204 e-flex e-con-boxed e-con e-parent\" data-id=\"34a9204\" data-element_type=\"container\" data-settings=\"{&quot;background_background&quot;:&quot;classic&quot;}\">\n\t\t\t\t\t<div class=\"e-con-inner\">\n\t\t\t\t<div class=\"elementor-element elementor-element-50dd981 elementor-widget elementor-widget-heading\" data-id=\"50dd981\" data-element_type=\"widget\" data-widget_type=\"heading.default\">\n\t\t\t\t<div class=\"elementor-widget-container\">\n\t\t\t\t\t<p class=\"elementor-heading-title elementor-size-default\">acoustic panels<\/p>\t\t\t\t<\/div>\n\t\t\t\t<\/div>\n\t\t\t\t<div class=\"elementor-element elementor-element-773597a elementor-widget-divider--view-line elementor-widget elementor-widget-divider\" data-id=\"773597a\" data-element_type=\"widget\" data-widget_type=\"divider.default\">\n\t\t\t\t<div class=\"elementor-widget-container\">\n\t\t\t\t\t\t\t<div class=\"elementor-divider\">\n\t\t\t<span class=\"elementor-divider-separator\">\n\t\t\t\t\t\t<\/span>\n\t\t<\/div>\n\t\t\t\t\t\t<\/div>\n\t\t\t\t<\/div>\n\t\t\t\t<div class=\"elementor-element elementor-element-6fdf7dc animated-slow elementor-invisible elementor-widget elementor-widget-text-editor\" data-id=\"6fdf7dc\" data-element_type=\"widget\" data-settings=\"{&quot;_animation&quot;:&quot;fadeIn&quot;}\" data-widget_type=\"text-editor.default\">\n\t\t\t\t<div class=\"elementor-widget-container\">\n\t\t\t\t\t\t\t\t\t<p class=\"translation-block\">We offer innovative <em>acoustic panels<\/em> that <em>improve sound quality<\/em> in any space. Designed to <em>absorb noise<\/em> and <em>reduce reverberation<\/em>, our panels are ideal for offices, conference rooms, auditoriums, and educational environments<\/p>\t\t\t\t\t\t\t\t<\/div>\n\t\t\t\t<\/div>\n\t\t\t\t\t<\/div>\n\t\t\t\t<\/div>\n\t\t<div class=\"elementor-element elementor-element-71041eb e-con-full e-flex e-con e-parent\" data-id=\"71041eb\" data-element_type=\"container\" data-settings=\"{&quot;background_background&quot;:&quot;classic&quot;}\">\n\t\t<div class=\"elementor-element elementor-element-7977dfe e-con-full e-flex e-con e-child\" data-id=\"7977dfe\" data-element_type=\"container\">\n\t\t<div class=\"elementor-element elementor-element-5617b2b e-con-full e-flex e-con e-child\" data-id=\"5617b2b\" data-element_type=\"container\">\n\t\t<div class=\"elementor-element elementor-element-5d339ee e-con-full e-flex e-con e-child\" data-id=\"5d339ee\" data-element_type=\"container\">\n\t\t\t\t<div class=\"elementor-element elementor-element-4146be9 animated-slow elementor-invisible elementor-widget elementor-widget-heading\" data-id=\"4146be9\" data-element_type=\"widget\" data-settings=\"{&quot;_animation&quot;:&quot;fadeIn&quot;}\" data-widget_type=\"heading.default\">\n\t\t\t\t<div class=\"elementor-widget-container\">\n\t\t\t\t\t<h3 class=\"elementor-heading-title elementor-size-default\">V Cut<\/h3>\t\t\t\t<\/div>\n\t\t\t\t<\/div>\n\t\t\t\t<div class=\"elementor-element elementor-element-21b61c7 elementor-widget elementor-widget-text-editor\" data-id=\"21b61c7\" data-element_type=\"widget\" data-widget_type=\"text-editor.default\">\n\t\t\t\t<div class=\"elementor-widget-container\">\n\t\t\t\t\t\t\t\t\t<p>V-cut acoustic panels add an interesting visual element to the walls or ceilings where they are installed.<\/p>\t\t\t\t\t\t\t\t<\/div>\n\t\t\t\t<\/div>\n\t\t\t\t<\/div>\n\t\t\t\t<\/div>\n\t\t<div class=\"elementor-element elementor-element-161e571 e-con-full e-flex e-con e-child\" data-id=\"161e571\" data-element_type=\"container\" data-settings=\"{&quot;background_background&quot;:&quot;classic&quot;}\">\n\t\t\t\t<\/div>\n\t\t\t\t<\/div>\n\t\t\t\t<\/div>\n\t\t<div class=\"elementor-element elementor-element-2b901bc e-con-full e-flex e-con e-parent\" data-id=\"2b901bc\" data-element_type=\"container\" data-settings=\"{&quot;background_background&quot;:&quot;classic&quot;}\">\n\t\t<div class=\"elementor-element elementor-element-da14ee4 e-con-full e-flex e-con e-child\" data-id=\"da14ee4\" data-element_type=\"container\">\n\t\t<div class=\"elementor-element elementor-element-97f2d4c e-con-full e-flex e-con e-child\" data-id=\"97f2d4c\" data-element_type=\"container\">\n\t\t<div class=\"elementor-element elementor-element-e2d51d5 e-flex e-con-boxed e-con e-child\" data-id=\"e2d51d5\" data-element_type=\"container\">\n\t\t\t\t\t<div class=\"e-con-inner\">\n\t\t\t\t<div class=\"elementor-element elementor-element-5d23465 animated-slow elementor-invisible elementor-widget elementor-widget-heading\" data-id=\"5d23465\" data-element_type=\"widget\" data-settings=\"{&quot;_animation&quot;:&quot;fadeIn&quot;}\" data-widget_type=\"heading.default\">\n\t\t\t\t<div class=\"elementor-widget-container\">\n\t\t\t\t\t<h3 class=\"elementor-heading-title elementor-size-default\">U Cut<\/h3>\t\t\t\t<\/div>\n\t\t\t\t<\/div>\n\t\t\t\t<div class=\"elementor-element elementor-element-de3ea0c elementor-widget elementor-widget-text-editor\" data-id=\"de3ea0c\" data-element_type=\"widget\" data-widget_type=\"text-editor.default\">\n\t\t\t\t<div class=\"elementor-widget-container\">\n\t\t\t\t\t\t\t\t\t<p>These panels feature an inverted U-shaped edge or contour in their design.<\/p>\t\t\t\t\t\t\t\t<\/div>\n\t\t\t\t<\/div>\n\t\t\t\t\t<\/div>\n\t\t\t\t<\/div>\n\t\t\t\t<\/div>\n\t\t<div class=\"elementor-element elementor-element-4d31bb1 e-con-full e-flex e-con e-child\" data-id=\"4d31bb1\" data-element_type=\"container\" data-settings=\"{&quot;background_background&quot;:&quot;classic&quot;}\">\n\t\t\t\t<\/div>\n\t\t\t\t<\/div>\n\t\t\t\t<\/div>\n\t\t<div class=\"elementor-element elementor-element-426ce8c e-con-full e-flex e-con e-parent\" data-id=\"426ce8c\" data-element_type=\"container\" data-settings=\"{&quot;background_background&quot;:&quot;classic&quot;}\">\n\t\t<div class=\"elementor-element elementor-element-6ef3268 e-con-full e-flex e-con e-child\" data-id=\"6ef3268\" data-element_type=\"container\">\n\t\t<div class=\"elementor-element elementor-element-282ce20 e-con-full e-flex e-con e-child\" data-id=\"282ce20\" data-element_type=\"container\">\n\t\t<div class=\"elementor-element elementor-element-98dabfb e-con-full e-flex e-con e-child\" data-id=\"98dabfb\" data-element_type=\"container\">\n\t\t\t\t<div class=\"elementor-element elementor-element-97054a4 animated-slow elementor-invisible elementor-widget elementor-widget-heading\" data-id=\"97054a4\" data-element_type=\"widget\" data-settings=\"{&quot;_animation&quot;:&quot;fadeIn&quot;}\" data-widget_type=\"heading.default\">\n\t\t\t\t<div class=\"elementor-widget-container\">\n\t\t\t\t\t<h3 class=\"elementor-heading-title elementor-size-default\">Shapes<\/h3>\t\t\t\t<\/div>\n\t\t\t\t<\/div>\n\t\t\t\t<div class=\"elementor-element elementor-element-70cd02f elementor-widget elementor-widget-text-editor\" data-id=\"70cd02f\" data-element_type=\"widget\" data-widget_type=\"text-editor.default\">\n\t\t\t\t<div class=\"elementor-widget-container\">\n\t\t\t\t\t\t\t\t\t<p>Sonara acoustic panels with defined shape cuts provide both acoustic and aesthetic benefits.<\/p>\t\t\t\t\t\t\t\t<\/div>\n\t\t\t\t<\/div>\n\t\t\t\t<\/div>\n\t\t\t\t<\/div>\n\t\t<div class=\"elementor-element elementor-element-7d784d2 e-con-full e-flex e-con e-child\" data-id=\"7d784d2\" data-element_type=\"container\" data-settings=\"{&quot;background_background&quot;:&quot;classic&quot;}\">\n\t\t\t\t<\/div>\n\t\t\t\t<\/div>\n\t\t\t\t<\/div>\n\t\t<div class=\"elementor-element elementor-element-133aeb9 e-con-full e-flex e-con e-parent\" data-id=\"133aeb9\" data-element_type=\"container\" data-settings=\"{&quot;background_background&quot;:&quot;classic&quot;}\">\n\t\t<div class=\"elementor-element elementor-element-9ab4049 e-con-full e-flex e-con e-child\" data-id=\"9ab4049\" data-element_type=\"container\">\n\t\t<div class=\"elementor-element elementor-element-fbd812e e-con-full e-flex e-con e-child\" data-id=\"fbd812e\" data-element_type=\"container\">\n\t\t<div class=\"elementor-element elementor-element-79bb923 e-con-full e-flex e-con e-child\" data-id=\"79bb923\" data-element_type=\"container\">\n\t\t\t\t<div class=\"elementor-element elementor-element-e9de40d animated-slow elementor-invisible elementor-widget elementor-widget-heading\" data-id=\"e9de40d\" data-element_type=\"widget\" data-settings=\"{&quot;_animation&quot;:&quot;fadeIn&quot;}\" data-widget_type=\"heading.default\">\n\t\t\t\t<div class=\"elementor-widget-container\">\n\t\t\t\t\t<h3 class=\"elementor-heading-title elementor-size-default\">Lambrin-Type Panel<\/h3>\t\t\t\t<\/div>\n\t\t\t\t<\/div>\n\t\t\t\t<div class=\"elementor-element elementor-element-d9743dd elementor-widget elementor-widget-text-editor\" data-id=\"d9743dd\" data-element_type=\"widget\" data-widget_type=\"text-editor.default\">\n\t\t\t\t<div class=\"elementor-widget-container\">\n\t\t\t\t\t\t\t\t\t<p>Sonara lambrin-type acoustic panels not only offer an elegant appearance but also maintain the necessary acoustic qualities to reduce reverberation and improve sound clarity in the space.<\/p>\t\t\t\t\t\t\t\t<\/div>\n\t\t\t\t<\/div>\n\t\t\t\t<\/div>\n\t\t\t\t<\/div>\n\t\t<div class=\"elementor-element elementor-element-8508d40 e-con-full e-flex e-con e-child\" data-id=\"8508d40\" data-element_type=\"container\" data-settings=\"{&quot;background_background&quot;:&quot;classic&quot;}\">\n\t\t\t\t<\/div>\n\t\t\t\t<\/div>\n\t\t\t\t<\/div>\n\t\t<div class=\"elementor-element elementor-element-6943eaf e-con-full e-flex e-con e-parent\" data-id=\"6943eaf\" data-element_type=\"container\" data-settings=\"{&quot;background_background&quot;:&quot;classic&quot;}\">\n\t\t<div class=\"elementor-element elementor-element-11117fd e-con-full e-flex e-con e-child\" data-id=\"11117fd\" data-element_type=\"container\">\n\t\t<div class=\"elementor-element elementor-element-44779a7 e-con-full e-flex e-con e-child\" data-id=\"44779a7\" data-element_type=\"container\">\n\t\t<div class=\"elementor-element elementor-element-db27971 e-con-full e-flex e-con e-child\" data-id=\"db27971\" data-element_type=\"container\">\n\t\t\t\t<div class=\"elementor-element elementor-element-617065f animated-slow elementor-invisible elementor-widget elementor-widget-heading\" data-id=\"617065f\" data-element_type=\"widget\" data-settings=\"{&quot;_animation&quot;:&quot;fadeIn&quot;}\" data-widget_type=\"heading.default\">\n\t\t\t\t<div class=\"elementor-widget-container\">\n\t\t\t\t\t<h3 class=\"elementor-heading-title elementor-size-default\">Sonara Print Panels<\/h3>\t\t\t\t<\/div>\n\t\t\t\t<\/div>\n\t\t\t\t<div class=\"elementor-element elementor-element-ee63a8a elementor-widget elementor-widget-text-editor\" data-id=\"ee63a8a\" data-element_type=\"widget\" data-widget_type=\"text-editor.default\">\n\t\t\t\t<div class=\"elementor-widget-container\">\n\t\t\t\t\t\t\t\t\t<p>Print acoustic panels offer a perfect fusion of design and sound quality.<\/p>\t\t\t\t\t\t\t\t<\/div>\n\t\t\t\t<\/div>\n\t\t\t\t<\/div>\n\t\t\t\t<\/div>\n\t\t<div class=\"elementor-element elementor-element-86b4661 e-con-full e-flex e-con e-child\" data-id=\"86b4661\" data-element_type=\"container\" data-settings=\"{&quot;background_background&quot;:&quot;classic&quot;}\">\n\t\t\t\t<\/div>\n\t\t\t\t<\/div>\n\t\t\t\t<\/div>\n\t\t<div class=\"elementor-element elementor-element-6458d99 e-flex e-con-boxed e-con e-parent\" data-id=\"6458d99\" data-element_type=\"container\" data-settings=\"{&quot;background_background&quot;:&quot;classic&quot;}\">\n\t\t\t\t\t<div class=\"e-con-inner\">\n\t\t\t\t<div class=\"elementor-element elementor-element-f4d0e09 elementor-widget elementor-widget-heading\" data-id=\"f4d0e09\" data-element_type=\"widget\" data-widget_type=\"heading.default\">\n\t\t\t\t<div class=\"elementor-widget-container\">\n\t\t\t\t\t<p class=\"elementor-heading-title elementor-size-default\">inspiration<\/p>\t\t\t\t<\/div>\n\t\t\t\t<\/div>\n\t\t\t\t<div class=\"elementor-element elementor-element-c38478a elementor-widget-divider--view-line elementor-widget elementor-widget-divider\" data-id=\"c38478a\" data-element_type=\"widget\" data-widget_type=\"divider.default\">\n\t\t\t\t<div class=\"elementor-widget-container\">\n\t\t\t\t\t\t\t<div class=\"elementor-divider\">\n\t\t\t<span class=\"elementor-divider-separator\">\n\t\t\t\t\t\t<\/span>\n\t\t<\/div>\n\t\t\t\t\t\t<\/div>\n\t\t\t\t<\/div>\n\t\t\t\t<div class=\"elementor-element elementor-element-fd10b59 animated-slow elementor-invisible elementor-widget elementor-widget-text-editor\" data-id=\"fd10b59\" data-element_type=\"widget\" data-settings=\"{&quot;_animation&quot;:&quot;fadeIn&quot;}\" data-widget_type=\"text-editor.default\">\n\t\t\t\t<div class=\"elementor-widget-container\">\n\t\t\t\t\t\t\t\t\t<p><em>Design <\/em>is not just <em>what you see<\/em>, but how it <em>makes you feel<\/em>.<\/p>\t\t\t\t\t\t\t\t<\/div>\n\t\t\t\t<\/div>\n\t\t\t\t<div class=\"elementor-element elementor-element-42842af elementor-align-center elementor-widget elementor-widget-button\" data-id=\"42842af\" data-element_type=\"widget\" data-widget_type=\"button.default\">\n\t\t\t\t<div class=\"elementor-widget-container\">\n\t\t\t\t\t\t\t\t\t<div class=\"elementor-button-wrapper\">\n\t\t\t\t\t<a class=\"elementor-button elementor-button-link elementor-size-md\" href=\"\/en\/contacto\/\">\n\t\t\t\t\t\t<span class=\"elementor-button-content-wrapper\">\n\t\t\t\t\t\t\t\t\t<span class=\"elementor-button-text\">Contact Us<\/span>\n\t\t\t\t\t<\/span>\n\t\t\t\t\t<\/a>\n\t\t\t\t<\/div>\n\t\t\t\t\t\t\t\t<\/div>\n\t\t\t\t<\/div>\n\t\t\t\t\t<\/div>\n\t\t\t\t<\/div>\n\t\t\t\t<\/div>","protected":false},"excerpt":{"rendered":"<p>p\u00e1neles ac\u00fasticos Ofrecemos paneles ac\u00fasticos innovadores que mejoran la calidad del sonido en cualquier espacio. Dise\u00f1ados para absorber el ruido y reducir la reverberaci\u00f3n, nuestros paneles son ideales para oficinas, salas de conferencia, auditorios y entornos educativos Corte V Los paneles ac\u00fasticos con corte en V agregan un elemento visual interesante a las paredes o [&hellip;]<\/p>","protected":false},"author":1,"featured_media":0,"parent":0,"menu_order":0,"comment_status":"closed","ping_status":"closed","template":"elementor_header_footer","meta":{"footnotes":""},"class_list":["post-1219","page","type-page","status-publish","hentry"],"_links":{"self":[{"href":"https:\/\/esinteriorstudio.com\/en\/wp-json\/wp\/v2\/pages\/1219","targetHints":{"allow":["GET"]}}],"collection":[{"href":"https:\/\/esinteriorstudio.com\/en\/wp-json\/wp\/v2\/pages"}],"about":[{"href":"https:\/\/esinteriorstudio.com\/en\/wp-json\/wp\/v2\/types\/page"}],"author":[{"embeddable":true,"href":"https:\/\/esinteriorstudio.com\/en\/wp-json\/wp\/v2\/users\/1"}],"replies":[{"embeddable":true,"href":"https:\/\/esinteriorstudio.com\/en\/wp-json\/wp\/v2\/comments?post=1219"}],"version-history":[{"count":31,"href":"https:\/\/esinteriorstudio.com\/en\/wp-json\/wp\/v2\/pages\/1219\/revisions"}],"predecessor-version":[{"id":1336,"href":"https:\/\/esinteriorstudio.com\/en\/wp-json\/wp\/v2\/pages\/1219\/revisions\/1336"}],"wp:attachment":[{"href":"https:\/\/esinteriorstudio.com\/en\/wp-json\/wp\/v2\/media?parent=1219"}],"curies":[{"name":"wp","href":"https:\/\/api.w.org\/{rel}","templated":true}]}}